{"id":13,"date":"2024-10-18T18:07:21","date_gmt":"2024-10-18T18:07:21","guid":{"rendered":"https:\/\/hdrodriguez.com.co\/?page_id=13"},"modified":"2024-11-07T00:47:19","modified_gmt":"2024-11-07T00:47:19","slug":"derecho-contractual","status":"publish","type":"page","link":"https:\/\/hdrodriguez.com.co\/?page_id=13","title":{"rendered":"Derecho Contractual"},"content":{"rendered":"\t\t<div data-elementor-type=\"wp-page\" data-elementor-id=\"13\" class=\"elementor elementor-13\" data-elementor-post-type=\"page\">\n\t\t\t\t\t\t<section class=\"elementor-section elementor-top-section elementor-element elementor-element-45d0cb12 elementor-section-boxed elementor-section-height-default elementor-section-height-default\" data-id=\"45d0cb12\" data-element_type=\"section\" data-settings=\"{&quot;background_background&quot;:&quot;classic&quot;}\">\n\t\t\t\t\t\t\t<div class=\"elementor-background-overlay\"><\/div>\n\t\t\t\t\t\t\t<div class=\"elementor-container elementor-column-gap-default\">\n\t\t\t\t\t<div class=\"elementor-column elementor-col-100 elementor-top-column elementor-element elementor-element-680cce72\" data-id=\"680cce72\" data-element_type=\"column\">\n\t\t\t<div class=\"elementor-widget-wrap elementor-element-populated\">\n\t\t\t\t\t\t<div class=\"elementor-element elementor-element-44ef0268 elementor-widget elementor-widget-heading\" data-id=\"44ef0268\" data-element_type=\"widget\" data-widget_type=\"heading.default\">\n\t\t\t\t<div class=\"elementor-widget-container\">\n\t\t\t<h1 class=\"elementor-heading-title elementor-size-default\">Derecho Contractual<\/h1>\t\t<\/div>\n\t\t\t\t<\/div>\n\t\t\t\t<div class=\"elementor-element elementor-element-5248e1d1 elementor-align-center elementor-widget elementor-widget-button\" data-id=\"5248e1d1\" data-element_type=\"widget\" data-widget_type=\"button.default\">\n\t\t\t\t<div class=\"elementor-widget-container\">\n\t\t\t\t\t<div class=\"elementor-button-wrapper\">\n\t\t\t<a class=\"elementor-button elementor-button-link elementor-size-sm\" href=\"https:\/\/api.whatsapp.com\/send\/?phone=573115388326&#038;text=Hola+%2Ahd+Rodriguez%2A.+Necesito+m%C3%A1s+informaci%C3%B3n+sobre+Consultoria+https%3A%2F%2Fhdrodriguez.com.co&#038;type=phone_number&#038;app_absent=0\">\n\t\t\t\t\t\t<span class=\"elementor-button-content-wrapper\">\n\t\t\t\t\t\t\t\t\t<span class=\"elementor-button-text\">Whatsapp<\/span>\n\t\t\t\t\t<\/span>\n\t\t\t\t\t<\/a>\n\t\t<\/div>\n\t\t\t\t<\/div>\n\t\t\t\t<\/div>\n\t\t\t\t\t<\/div>\n\t\t<\/div>\n\t\t\t\t\t<\/div>\n\t\t<\/section>\n\t\t\t\t<section class=\"elementor-section elementor-top-section elementor-element elementor-element-486b99f5 elementor-section-boxed elementor-section-height-default elementor-section-height-default\" data-id=\"486b99f5\" data-element_type=\"section\">\n\t\t\t\t\t\t<div class=\"elementor-container elementor-column-gap-default\">\n\t\t\t\t\t<div class=\"elementor-column elementor-col-100 elementor-top-column elementor-element elementor-element-76d97e83\" data-id=\"76d97e83\" data-element_type=\"column\">\n\t\t\t<div class=\"elementor-widget-wrap elementor-element-populated\">\n\t\t\t\t\t\t<section class=\"elementor-section elementor-inner-section elementor-element elementor-element-35b37148 elementor-section-height-min-height elementor-section-boxed elementor-section-height-default\" data-id=\"35b37148\" data-element_type=\"section\">\n\t\t\t\t\t\t<div class=\"elementor-container elementor-column-gap-default\">\n\t\t\t\t\t<div class=\"elementor-column elementor-col-50 elementor-inner-column elementor-element elementor-element-20439ca8\" data-id=\"20439ca8\" data-element_type=\"column\" data-settings=\"{&quot;background_background&quot;:&quot;classic&quot;}\">\n\t\t\t<div class=\"elementor-widget-wrap elementor-element-populated\">\n\t\t\t\t\t\t<div class=\"elementor-element elementor-element-7e1e979b elementor-widget elementor-widget-image\" data-id=\"7e1e979b\" data-element_type=\"widget\" data-widget_type=\"image.default\">\n\t\t\t\t<div class=\"elementor-widget-container\">\n\t\t\t\t\t\t\t\t\t\t\t\t\t<img decoding=\"async\" src=\"https:\/\/hdrodriguez.com.co\/wp-content\/uploads\/elementor\/thumbs\/business-man-working-at-office-consultant-lawyer-PN67H74-min-qvr4o6urw914h4tipzs3ew2ptyvqsh9uiq0adbvkb8.jpg\" title=\"business-man-working-at-office-consultant-lawyer-PN67H74-min.jpg\" alt=\"\" loading=\"lazy\" \/>\t\t\t\t\t\t\t\t\t\t\t\t\t<\/div>\n\t\t\t\t<\/div>\n\t\t\t\t\t<\/div>\n\t\t<\/div>\n\t\t\t\t<div class=\"elementor-column elementor-col-50 elementor-inner-column elementor-element elementor-element-1ad6b8e9\" data-id=\"1ad6b8e9\" data-element_type=\"column\">\n\t\t\t<div class=\"elementor-widget-wrap elementor-element-populated\">\n\t\t\t\t\t\t<div class=\"elementor-element elementor-element-6527b6ca elementor-widget elementor-widget-heading\" data-id=\"6527b6ca\" data-element_type=\"widget\" data-widget_type=\"heading.default\">\n\t\t\t\t<div class=\"elementor-widget-container\">\n\t\t\t<h2 class=\"elementor-heading-title elementor-size-default\">Contrataci\u00f3n estatal\n<\/h2>\t\t<\/div>\n\t\t\t\t<\/div>\n\t\t\t\t<div class=\"elementor-element elementor-element-c69919d elementor-widget elementor-widget-text-editor\" data-id=\"c69919d\" data-element_type=\"widget\" data-widget_type=\"text-editor.default\">\n\t\t\t\t<div class=\"elementor-widget-container\">\n\t\t\t\t\t\t\t<p>La contrataci\u00f3n estatal (en otrora p\u00fablica), es quiz\u00e1 la mayor actividad administrativa del Estado. Es un factor fundamental por medio del cual la administraci\u00f3n logra sus fines esenciales y mueve la econom\u00eda del pa\u00eds, impactando directamente el bienestar de la comunidad. Lanzada la convocatoria p\u00fablica, hay dos actores cardinales en ella: la entidad convocante y el oferente.<br \/>En ese sentido, la firma cuenta con la capacidad y la experiencia para asesorar a la entidad estatal en la adquisici\u00f3n de bienes, servicios y obras p\u00fablicas, bien sea a trav\u00e9s del Estatuto General de la Contrataci\u00f3n P\u00fablica y sus modalidades de selecci\u00f3n; y tambi\u00e9n a aquellas que se encuentren exceptuadas del referido estatuto por su naturaleza jur\u00eddica, como las empresas de servicios p\u00fablicos domiciliarios, empresas sociales y comerciales del Estado o empresas de econom\u00eda mixta.<br \/>De igual manera, se brinda asesor\u00eda, acompa\u00f1amiento y representaci\u00f3n en sede administrativa y judicial al particular u oferente, bien sea persona natural o jur\u00eddica, desde la preparaci\u00f3n, estructuraci\u00f3n, presentaci\u00f3n y competencia de su oferta, hasta la ejecuci\u00f3n y liquidaci\u00f3n del eventual contrato que suscriba en raz\u00f3n a esta. Si usted no puede presentarse solo al proceso, se le asesorar\u00e1 en la conformaci\u00f3n de contratos de colaboraci\u00f3n como el consorcio y la uni\u00f3n temporal, seg\u00fan el caso y conveniencia.<br \/><br \/><\/p><p><strong>SECOP II<\/strong><\/p><p>Casi la totalidad de la contrataci\u00f3n estatal se mueve, celebra y ejecuta a trav\u00e9s de la plataforma transaccional SECOP II. No importa la arena en la que usted se mueva: si lo hace en la p\u00fablica, la necesitar\u00e1; si est\u00e1 en la privada, tambi\u00e9n. Por ello, requiere del conocimiento de la plataforma, siendo aqu\u00ed donde la firma le ayudar\u00e1, ya que tiene profesionales expertos en la materia que podr\u00e1n capacitarlo, acompa\u00f1arlo y asistirlo en el manejo de esta.<\/p>\t\t\t\t\t\t<\/div>\n\t\t\t\t<\/div>\n\t\t\t\t<div class=\"elementor-element elementor-element-646f2188 elementor-tablet-align-center elementor-widget elementor-widget-button\" data-id=\"646f2188\" data-element_type=\"widget\" data-widget_type=\"button.default\">\n\t\t\t\t<div class=\"elementor-widget-container\">\n\t\t\t\t\t<div class=\"elementor-button-wrapper\">\n\t\t\t<a class=\"elementor-button elementor-button-link elementor-size-sm\" href=\"https:\/\/hdrodriguez.com.co\/?page_id=27\">\n\t\t\t\t\t\t<span class=\"elementor-button-content-wrapper\">\n\t\t\t\t\t\t\t\t\t<span class=\"elementor-button-text\">Cont\u00e1ctenos<\/span>\n\t\t\t\t\t<\/span>\n\t\t\t\t\t<\/a>\n\t\t<\/div>\n\t\t\t\t<\/div>\n\t\t\t\t<\/div>\n\t\t\t\t\t<\/div>\n\t\t<\/div>\n\t\t\t\t\t<\/div>\n\t\t<\/section>\n\t\t\t\t<section class=\"elementor-section elementor-inner-section elementor-element elementor-element-45b280c2 elementor-section-height-min-height elementor-section-boxed elementor-section-height-default\" data-id=\"45b280c2\" data-element_type=\"section\">\n\t\t\t\t\t\t<div class=\"elementor-container elementor-column-gap-default\">\n\t\t\t\t\t<div class=\"elementor-column elementor-col-50 elementor-inner-column elementor-element elementor-element-25a64d36\" data-id=\"25a64d36\" data-element_type=\"column\">\n\t\t\t<div class=\"elementor-widget-wrap elementor-element-populated\">\n\t\t\t\t\t\t<div class=\"elementor-element elementor-element-63de0a49 elementor-widget elementor-widget-heading\" data-id=\"63de0a49\" data-element_type=\"widget\" data-widget_type=\"heading.default\">\n\t\t\t\t<div class=\"elementor-widget-container\">\n\t\t\t<h2 class=\"elementor-heading-title elementor-size-default\">Contrataci\u00f3n privada\n<\/h2>\t\t<\/div>\n\t\t\t\t<\/div>\n\t\t\t\t<div class=\"elementor-element elementor-element-efe0c80 elementor-widget elementor-widget-text-editor\" data-id=\"efe0c80\" data-element_type=\"widget\" data-widget_type=\"text-editor.default\">\n\t\t\t\t<div class=\"elementor-widget-container\">\n\t\t\t\t\t\t\t<p>Todo el tiempo est\u00e1 celebrando contratos. Desde el transporte que toma en la ma\u00f1ana, pasando por el caf\u00e9 matutino que adquiere en su cafeter\u00eda preferida. Hace esto de manera desprevenida y sin mayor atenci\u00f3n. Pasa lo mismo cuando usted es empresario y celebra contratos, bien sea de proveedur\u00eda, de funcionamiento o de ejecuci\u00f3n de su actividad econ\u00f3mica; sin embargo, ah\u00ed s\u00ed debe obrar con cuidado, ya que un contrato dise\u00f1ado defectuosamente o con falta de claridad, le puede ocasionar la p\u00e9rdida de mucho dinero, crearle e incluirlo en problemas que no ten\u00eda, o agudizar el que ya padec\u00eda, o privarlo de la utilidad que esperaba recibir cuando suscribi\u00f3 ese perverso contrato.<br \/>En consecuencia, estamos prestos para brindarle la asesor\u00eda contractual y comercial que usted se merece y espera, bien sea ante otro particular como usted, o ante el estado cuando este suscribe sus contratos bajo el derecho privado. No lo piense m\u00e1s: \u00a1CONT\u00c1CTENOS!<\/p>\t\t\t\t\t\t<\/div>\n\t\t\t\t<\/div>\n\t\t\t\t<div class=\"elementor-element elementor-element-988e3eb elementor-tablet-align-center elementor-widget elementor-widget-button\" data-id=\"988e3eb\" data-element_type=\"widget\" data-widget_type=\"button.default\">\n\t\t\t\t<div class=\"elementor-widget-container\">\n\t\t\t\t\t<div class=\"elementor-button-wrapper\">\n\t\t\t<a class=\"elementor-button elementor-button-link elementor-size-sm\" href=\"https:\/\/hdrodriguez.com.co\/?page_id=27\">\n\t\t\t\t\t\t<span class=\"elementor-button-content-wrapper\">\n\t\t\t\t\t\t\t\t\t<span class=\"elementor-button-text\">Cont\u00e1ctenos<\/span>\n\t\t\t\t\t<\/span>\n\t\t\t\t\t<\/a>\n\t\t<\/div>\n\t\t\t\t<\/div>\n\t\t\t\t<\/div>\n\t\t\t\t\t<\/div>\n\t\t<\/div>\n\t\t\t\t<div class=\"elementor-column elementor-col-50 elementor-inner-column elementor-element elementor-element-5caf6bd1\" data-id=\"5caf6bd1\" data-element_type=\"column\">\n\t\t\t<div class=\"elementor-widget-wrap elementor-element-populated\">\n\t\t\t\t\t\t<div class=\"elementor-element elementor-element-2e53c5c7 elementor-widget elementor-widget-image\" data-id=\"2e53c5c7\" data-element_type=\"widget\" data-widget_type=\"image.default\">\n\t\t\t\t<div class=\"elementor-widget-container\">\n\t\t\t\t\t\t\t\t\t\t\t\t\t<img decoding=\"async\" src=\"https:\/\/hdrodriguez.com.co\/wp-content\/uploads\/elementor\/thumbs\/work-of-law-firm-93D65ZT-min-1-qvr4oj2od3huo2brqn28tazpjz7ikjmcwehllxdg2c.jpg\" title=\"work-of-law-firm-93D65ZT-min.jpg\" alt=\"\" loading=\"lazy\" \/>\t\t\t\t\t\t\t\t\t\t\t\t\t<\/div>\n\t\t\t\t<\/div>\n\t\t\t\t\t<\/div>\n\t\t<\/div>\n\t\t\t\t\t<\/div>\n\t\t<\/section>\n\t\t\t\t\t<\/div>\n\t\t<\/div>\n\t\t\t\t\t<\/div>\n\t\t<\/section>\n\t\t\t\t<section class=\"elementor-section elementor-top-section elementor-element elementor-element-8ae3c6d elementor-section-boxed elementor-section-height-default elementor-section-height-default\" data-id=\"8ae3c6d\" data-element_type=\"section\" data-settings=\"{&quot;background_background&quot;:&quot;classic&quot;}\">\n\t\t\t\t\t\t<div class=\"elementor-container elementor-column-gap-default\">\n\t\t\t\t\t<div class=\"elementor-column elementor-col-50 elementor-top-column elementor-element elementor-element-3afb452f\" data-id=\"3afb452f\" data-element_type=\"column\">\n\t\t\t<div class=\"elementor-widget-wrap elementor-element-populated\">\n\t\t\t\t\t\t<div class=\"elementor-element elementor-element-2eaf347e elementor-widget elementor-widget-heading\" data-id=\"2eaf347e\" data-element_type=\"widget\" data-widget_type=\"heading.default\">\n\t\t\t\t<div class=\"elementor-widget-container\">\n\t\t\t<h2 class=\"elementor-heading-title elementor-size-default\">Cont\u00e1ctanos: hard@hdrodriguez.com.co o ll\u00e1manos al +57 3115388326<\/h2>\t\t<\/div>\n\t\t\t\t<\/div>\n\t\t\t\t\t<\/div>\n\t\t<\/div>\n\t\t\t\t<div class=\"elementor-column elementor-col-50 elementor-top-column elementor-element elementor-element-cc86878\" data-id=\"cc86878\" data-element_type=\"column\">\n\t\t\t<div class=\"elementor-widget-wrap elementor-element-populated\">\n\t\t\t\t\t\t<div class=\"elementor-element elementor-element-b1e922c elementor-widget elementor-widget-image\" data-id=\"b1e922c\" data-element_type=\"widget\" data-widget_type=\"image.default\">\n\t\t\t\t<div class=\"elementor-widget-container\">\n\t\t\t\t\t\t\t\t\t\t\t\t\t<img fetchpriority=\"high\" decoding=\"async\" width=\"1024\" height=\"669\" src=\"https:\/\/hdrodriguez.com.co\/wp-content\/uploads\/2024\/10\/Logo-Color-Nr1-1.png\" class=\"attachment-large size-large wp-image-166\" alt=\"\" srcset=\"https:\/\/hdrodriguez.com.co\/wp-content\/uploads\/2024\/10\/Logo-Color-Nr1-1-1024x669.png 1024w, https:\/\/hdrodriguez.com.co\/wp-content\/uploads\/2024\/10\/Logo-Color-Nr1-1-300x196.png 300w, https:\/\/hdrodriguez.com.co\/wp-content\/uploads\/2024\/10\/Logo-Color-Nr1-1-768x502.png 768w, https:\/\/hdrodriguez.com.co\/wp-content\/uploads\/2024\/10\/Logo-Color-Nr1-1-1536x1004.png 1536w, https:\/\/hdrodriguez.com.co\/wp-content\/uploads\/2024\/10\/Logo-Color-Nr1-1-2048x1339.png 2048w\" sizes=\"(max-width: 1024px) 100vw, 1024px\" \/>\t\t\t\t\t\t\t\t\t\t\t\t\t<\/div>\n\t\t\t\t<\/div>\n\t\t\t\t\t<\/div>\n\t\t<\/div>\n\t\t\t\t\t<\/div>\n\t\t<\/section>\n\t\t\t\t<section class=\"elementor-section elementor-top-section elementor-element elementor-element-66f9ce06 elementor-section-boxed elementor-section-height-default elementor-section-height-default\" data-id=\"66f9ce06\" data-element_type=\"section\" data-settings=\"{&quot;background_background&quot;:&quot;classic&quot;}\">\n\t\t\t\t\t\t\t<div class=\"elementor-background-overlay\"><\/div>\n\t\t\t\t\t\t\t<div class=\"elementor-container elementor-column-gap-default\">\n\t\t\t\t\t<div class=\"elementor-column elementor-col-100 elementor-top-column elementor-element elementor-element-7aa668b9\" data-id=\"7aa668b9\" data-element_type=\"column\">\n\t\t\t<div class=\"elementor-widget-wrap elementor-element-populated\">\n\t\t\t\t\t\t<section class=\"elementor-section elementor-inner-section elementor-element elementor-element-8c692e8 elementor-section-boxed elementor-section-height-default elementor-section-height-default\" data-id=\"8c692e8\" data-element_type=\"section\" data-settings=\"{&quot;background_background&quot;:&quot;classic&quot;}\">\n\t\t\t\t\t\t<div class=\"elementor-container elementor-column-gap-default\">\n\t\t\t\t\t<div class=\"elementor-column elementor-col-100 elementor-inner-column elementor-element elementor-element-1f4e3d82\" data-id=\"1f4e3d82\" data-element_type=\"column\">\n\t\t\t<div class=\"elementor-widget-wrap elementor-element-populated\">\n\t\t\t\t\t\t<div class=\"elementor-element elementor-element-3cd05438 elementor-widget elementor-widget-image\" data-id=\"3cd05438\" data-element_type=\"widget\" data-widget_type=\"image.default\">\n\t\t\t\t<div class=\"elementor-widget-container\">\n\t\t\t\t\t\t\t\t\t\t\t\t\t<img decoding=\"async\" width=\"1024\" height=\"669\" src=\"https:\/\/hdrodriguez.com.co\/wp-content\/uploads\/2024\/10\/Positivo-1024x669.png\" class=\"attachment-large size-large wp-image-162\" alt=\"\" srcset=\"https:\/\/hdrodriguez.com.co\/wp-content\/uploads\/2024\/10\/Positivo-1024x669.png 1024w, https:\/\/hdrodriguez.com.co\/wp-content\/uploads\/2024\/10\/Positivo-300x196.png 300w, https:\/\/hdrodriguez.com.co\/wp-content\/uploads\/2024\/10\/Positivo-768x502.png 768w, https:\/\/hdrodriguez.com.co\/wp-content\/uploads\/2024\/10\/Positivo-1536x1004.png 1536w, https:\/\/hdrodriguez.com.co\/wp-content\/uploads\/2024\/10\/Positivo-2048x1339.png 2048w\" sizes=\"(max-width: 1024px) 100vw, 1024px\" \/>\t\t\t\t\t\t\t\t\t\t\t\t\t<\/div>\n\t\t\t\t<\/div>\n\t\t\t\t<div class=\"elementor-element elementor-element-673a6eaa elementor-widget elementor-widget-heading\" data-id=\"673a6eaa\" data-element_type=\"widget\" data-widget_type=\"heading.default\">\n\t\t\t\t<div class=\"elementor-widget-container\">\n\t\t\t<h2 class=\"elementor-heading-title elementor-size-default\">\u00a1Con\u00f3cenos! Con gusto te ayudaremos.<\/h2>\t\t<\/div>\n\t\t\t\t<\/div>\n\t\t\t\t\t<\/div>\n\t\t<\/div>\n\t\t\t\t\t<\/div>\n\t\t<\/section>\n\t\t\t\t\t<\/div>\n\t\t<\/div>\n\t\t\t\t\t<\/div>\n\t\t<\/section>\n\t\t\t\t<\/div>\n\t\t","protected":false},"excerpt":{"rendered":"<p>Derecho Contractual Whatsapp Contrataci\u00f3n estatal La contrataci\u00f3n estatal (en otrora p\u00fablica), es quiz\u00e1 la mayor actividad administrativa del Estado. Es [&hellip;]<\/p>\n","protected":false},"author":1,"featured_media":0,"parent":0,"menu_order":0,"comment_status":"closed","ping_status":"closed","template":"","meta":{"site-sidebar-layout":"no-sidebar","site-content-layout":"","ast-site-content-layout":"full-width-container","site-content-style":"default","site-sidebar-style":"default","ast-global-header-display":"","ast-banner-title-visibility":"","ast-main-header-display":"","ast-hfb-above-header-display":"","ast-hfb-below-header-display":"","ast-hfb-mobile-header-display":"","site-post-title":"disabled","ast-breadcrumbs-content":"","ast-featured-img":"disabled","footer-sml-layout":"","theme-transparent-header-meta":"default","adv-header-id-meta":"","stick-header-meta":"","header-above-stick-meta":"","header-main-stick-meta":"","header-below-stick-meta":"","astra-migrate-meta-layouts":"set","ast-page-background-enabled":"default","ast-page-background-meta":{"desktop":{"background-color":"var(--ast-global-color-4)","background-image":"","background-repeat":"repeat","background-position":"center center","background-size":"auto","background-attachment":"scroll","background-type":"","background-media":"","overlay-type":"","overlay-color":"","overlay-opacity":"","overlay-gradient":""},"tablet":{"background-color":"","background-image":"","background-repeat":"repeat","background-position":"center center","background-size":"auto","background-attachment":"scroll","background-type":"","background-media":"","overlay-type":"","overlay-color":"","overlay-opacity":"","overlay-gradient":""},"mobile":{"background-color":"","background-image":"","background-repeat":"repeat","background-position":"center center","background-size":"auto","background-attachment":"scroll","background-type":"","background-media":"","overlay-type":"","overlay-color":"","overlay-opacity":"","overlay-gradient":""}},"ast-content-background-meta":{"desktop":{"background-color":"var(--ast-global-color-5)","background-image":"","background-repeat":"repeat","background-position":"center center","background-size":"auto","background-attachment":"scroll","background-type":"","background-media":"","overlay-type":"","overlay-color":"","overlay-opacity":"","overlay-gradient":""},"tablet":{"background-color":"var(--ast-global-color-5)","background-image":"","background-repeat":"repeat","background-position":"center center","background-size":"auto","background-attachment":"scroll","background-type":"","background-media":"","overlay-type":"","overlay-color":"","overlay-opacity":"","overlay-gradient":""},"mobile":{"background-color":"var(--ast-global-color-5)","background-image":"","background-repeat":"repeat","background-position":"center center","background-size":"auto","background-attachment":"scroll","background-type":"","background-media":"","overlay-type":"","overlay-color":"","overlay-opacity":"","overlay-gradient":""}},"_joinchat":[],"footnotes":""},"class_list":["post-13","page","type-page","status-publish","hentry"],"_links":{"self":[{"href":"https:\/\/hdrodriguez.com.co\/index.php?rest_route=\/wp\/v2\/pages\/13","targetHints":{"allow":["GET"]}}],"collection":[{"href":"https:\/\/hdrodriguez.com.co\/index.php?rest_route=\/wp\/v2\/pages"}],"about":[{"href":"https:\/\/hdrodriguez.com.co\/index.php?rest_route=\/wp\/v2\/types\/page"}],"author":[{"embeddable":true,"href":"https:\/\/hdrodriguez.com.co\/index.php?rest_route=\/wp\/v2\/users\/1"}],"replies":[{"embeddable":true,"href":"https:\/\/hdrodriguez.com.co\/index.php?rest_route=%2Fwp%2Fv2%2Fcomments&post=13"}],"version-history":[{"count":31,"href":"https:\/\/hdrodriguez.com.co\/index.php?rest_route=\/wp\/v2\/pages\/13\/revisions"}],"predecessor-version":[{"id":531,"href":"https:\/\/hdrodriguez.com.co\/index.php?rest_route=\/wp\/v2\/pages\/13\/revisions\/531"}],"wp:attachment":[{"href":"https:\/\/hdrodriguez.com.co\/index.php?rest_route=%2Fwp%2Fv2%2Fmedia&parent=13"}],"curies":[{"name":"wp","href":"https:\/\/api.w.org\/{rel}","templated":true}]}}