{"id":25,"date":"2024-10-18T18:08:43","date_gmt":"2024-10-18T18:08:43","guid":{"rendered":"https:\/\/hdrodriguez.com.co\/?page_id=25"},"modified":"2024-11-07T00:59:48","modified_gmt":"2024-11-07T00:59:48","slug":"casos-de-exito","status":"publish","type":"page","link":"https:\/\/hdrodriguez.com.co\/?page_id=25","title":{"rendered":"Casos de \u00c9xito"},"content":{"rendered":"\t\t<div data-elementor-type=\"wp-page\" data-elementor-id=\"25\" class=\"elementor elementor-25\" data-elementor-post-type=\"page\">\n\t\t\t\t\t\t<section class=\"elementor-section elementor-top-section elementor-element elementor-element-1f06900f elementor-section-boxed elementor-section-height-default elementor-section-height-default\" data-id=\"1f06900f\" data-element_type=\"section\" data-settings=\"{&quot;background_background&quot;:&quot;classic&quot;}\">\n\t\t\t\t\t\t\t<div class=\"elementor-background-overlay\"><\/div>\n\t\t\t\t\t\t\t<div class=\"elementor-container elementor-column-gap-default\">\n\t\t\t\t\t<div class=\"elementor-column elementor-col-100 elementor-top-column elementor-element elementor-element-6a68d2ce\" data-id=\"6a68d2ce\" data-element_type=\"column\">\n\t\t\t<div class=\"elementor-widget-wrap elementor-element-populated\">\n\t\t\t\t\t\t<div class=\"elementor-element elementor-element-4e8e5159 elementor-widget elementor-widget-heading\" data-id=\"4e8e5159\" data-element_type=\"widget\" data-widget_type=\"heading.default\">\n\t\t\t\t<div class=\"elementor-widget-container\">\n\t\t\t<h1 class=\"elementor-heading-title elementor-size-default\">Casos de \u00c9xito<\/h1>\t\t<\/div>\n\t\t\t\t<\/div>\n\t\t\t\t<div class=\"elementor-element elementor-element-69af0c8a elementor-align-center elementor-widget elementor-widget-button\" data-id=\"69af0c8a\" data-element_type=\"widget\" data-widget_type=\"button.default\">\n\t\t\t\t<div class=\"elementor-widget-container\">\n\t\t\t\t\t<div class=\"elementor-button-wrapper\">\n\t\t\t<a class=\"elementor-button elementor-button-link elementor-size-sm\" href=\"https:\/\/api.whatsapp.com\/send\/?phone=573115388326&#038;text=Hola+%2Ahd+Rodriguez%2A.+Necesito+m%C3%A1s+informaci%C3%B3n+sobre+Consultoria+https%3A%2F%2Fhdrodriguez.com.co&#038;type=phone_number&#038;app_absent=0\">\n\t\t\t\t\t\t<span class=\"elementor-button-content-wrapper\">\n\t\t\t\t\t\t\t\t\t<span class=\"elementor-button-text\">Whatsapp<\/span>\n\t\t\t\t\t<\/span>\n\t\t\t\t\t<\/a>\n\t\t<\/div>\n\t\t\t\t<\/div>\n\t\t\t\t<\/div>\n\t\t\t\t\t<\/div>\n\t\t<\/div>\n\t\t\t\t\t<\/div>\n\t\t<\/section>\n\t\t\t\t<section class=\"elementor-section elementor-top-section elementor-element elementor-element-3dd03b7b elementor-section-boxed elementor-section-height-default elementor-section-height-default\" data-id=\"3dd03b7b\" data-element_type=\"section\" data-settings=\"{&quot;background_background&quot;:&quot;classic&quot;}\">\n\t\t\t\t\t\t\t<div class=\"elementor-background-overlay\"><\/div>\n\t\t\t\t\t\t\t<div class=\"elementor-container elementor-column-gap-default\">\n\t\t\t\t\t<div class=\"elementor-column elementor-col-100 elementor-top-column elementor-element elementor-element-536c5c87\" data-id=\"536c5c87\" data-element_type=\"column\">\n\t\t\t<div class=\"elementor-widget-wrap elementor-element-populated\">\n\t\t\t\t\t\t<section class=\"elementor-section elementor-inner-section elementor-element elementor-element-77f35257 elementor-section-boxed elementor-section-height-default elementor-section-height-default\" data-id=\"77f35257\" data-element_type=\"section\">\n\t\t\t\t\t\t<div class=\"elementor-container elementor-column-gap-default\">\n\t\t\t\t\t<div class=\"elementor-column elementor-col-100 elementor-inner-column elementor-element elementor-element-56884670\" data-id=\"56884670\" data-element_type=\"column\">\n\t\t\t<div class=\"elementor-widget-wrap elementor-element-populated\">\n\t\t\t\t\t\t<div class=\"elementor-element elementor-element-38ff0c elementor-widget elementor-widget-heading\" data-id=\"38ff0c\" data-element_type=\"widget\" data-widget_type=\"heading.default\">\n\t\t\t\t<div class=\"elementor-widget-container\">\n\t\t\t<h2 class=\"elementor-heading-title elementor-size-default\">Casos de \u00c9xito<\/h2>\t\t<\/div>\n\t\t\t\t<\/div>\n\t\t\t\t<div class=\"elementor-element elementor-element-2e39262b elementor-widget elementor-widget-text-editor\" data-id=\"2e39262b\" data-element_type=\"widget\" data-widget_type=\"text-editor.default\">\n\t\t\t\t<div class=\"elementor-widget-container\">\n\t\t\t\t\t\t\t<p>Los casos que ser\u00e1n mencionados a continuaci\u00f3n son de gran orgullo y alegr\u00eda para la firma y los clientes, quienes, previamente concedieron su autorizaci\u00f3n para ser relacionados, atendiendo la satisfacci\u00f3n que les gener\u00f3 la defensa realizada en cada caso.<\/p>\t\t\t\t\t\t<\/div>\n\t\t\t\t<\/div>\n\t\t\t\t\t<\/div>\n\t\t<\/div>\n\t\t\t\t\t<\/div>\n\t\t<\/section>\n\t\t\t\t<div class=\"elementor-element elementor-element-ff07ce7 elementor-testimonial--layout-image_above elementor-testimonial--skin-default elementor-testimonial--align-center elementor-pagination-type-bullets elementor-widget elementor-widget-testimonial-carousel\" data-id=\"ff07ce7\" data-element_type=\"widget\" data-settings=\"{&quot;pagination&quot;:&quot;bullets&quot;,&quot;speed&quot;:500,&quot;autoplay&quot;:&quot;yes&quot;,&quot;autoplay_speed&quot;:5000,&quot;loop&quot;:&quot;yes&quot;,&quot;pause_on_hover&quot;:&quot;yes&quot;,&quot;pause_on_interaction&quot;:&quot;yes&quot;,&quot;space_between&quot;:{&quot;unit&quot;:&quot;px&quot;,&quot;size&quot;:10,&quot;sizes&quot;:[]},&quot;space_between_tablet&quot;:{&quot;unit&quot;:&quot;px&quot;,&quot;size&quot;:10,&quot;sizes&quot;:[]},&quot;space_between_mobile&quot;:{&quot;unit&quot;:&quot;px&quot;,&quot;size&quot;:10,&quot;sizes&quot;:[]}}\" data-widget_type=\"testimonial-carousel.default\">\n\t\t\t\t<div class=\"elementor-widget-container\">\n\t\t\t\t\t<div class=\"elementor-swiper\">\n\t\t\t<div class=\"elementor-main-swiper swiper\">\n\t\t\t\t<div class=\"swiper-wrapper\">\n\t\t\t\t\t\t\t\t\t\t\t<div class=\"swiper-slide\">\n\t\t\t\t\t\t\t\t\t<div class=\"elementor-testimonial\">\n\t\t\t\t\t\t\t<div class=\"elementor-testimonial__content\">\n\t\t\t\t\t<div class=\"elementor-testimonial__text\">\n\t\t\t\t\t\tOBJETO DE LA DEFENSA: La Secretar\u00eda de Integraci\u00f3n Social adelant\u00f3 procedimiento sancionatorio contractual en contra del cliente, por presunto incumplimiento del Convenio de Asociaci\u00f3n No. 6003 de 2021, pretendiendo declarar el incumplimiento total del mismo e imponer y hacer efectiva de la cl\u00e1usula penal pactada. \nCon base en una estrategia defensiva s\u00f3lida que incluy\u00f3 petici\u00f3n y pr\u00e1ctica de pruebas inobservadas inicialmente por la administraci\u00f3n, aunado a argumentos claros y concretos, se logr\u00f3 el archivo y terminaci\u00f3n del proceso.\t\t\t\t\t<\/div>\n\t\t\t\t\t<cite class=\"elementor-testimonial__cite\"><span class=\"elementor-testimonial__name\">Fundaci\u00f3n Foro C\u00edvico. Diego Alejandro De Antonio R\u00edos.<\/span><span class=\"elementor-testimonial__title\">Sancionatorio contractual. A\u00d1O: 2022 y 2023<\/span><\/cite>\t\t\t\t<\/div>\n\t\t\t\t\t\t<div class=\"elementor-testimonial__footer\">\n\t\t\t\t\t\t\t\t\t<div class=\"elementor-testimonial__image\">\n\t\t\t\t\t\t<img decoding=\"async\" src=\"https:\/\/hdrodriguez.com.co\/wp-content\/uploads\/2024\/10\/2-min.jpg\" alt=\"Fundaci\u00f3n Foro C\u00edvico. Diego Alejandro De Antonio R\u00edos.\">\n\t\t\t\t\t\t\t\t\t\t\t<\/div>\n\t\t\t\t\t\t\t\t\t\t\t<\/div>\n\t\t<\/div>\n\t\t\t\t\t\t\t\t<\/div>\n\t\t\t\t\t\t\t\t\t\t\t<div class=\"swiper-slide\">\n\t\t\t\t\t\t\t\t\t<div class=\"elementor-testimonial\">\n\t\t\t\t\t\t\t<div class=\"elementor-testimonial__content\">\n\t\t\t\t\t<div class=\"elementor-testimonial__text\">\n\t\t\t\t\t\tObjeto de la defensa: Se obtuvo fallo de primera instancia absolutorio de la Inspecci\u00f3n General de la Polic\u00eda Nacional, quien hab\u00eda endilgado falta grav\u00edsima a t\u00edtulo de dolo al cliente por realizar, presuntamente, una conducta descrita en la ley como delito. \nCon fundamento en una l\u00ednea defensiva que cuestion\u00f3 la ambig\u00fcedad del cargo y la ausencia de material probatorio, se logr\u00f3 su absoluci\u00f3n.\n\t\t\t\t\t<\/div>\n\t\t\t\t\t<cite class=\"elementor-testimonial__cite\"><span class=\"elementor-testimonial__name\">intendente Polic\u00eda Nacional <\/span><span class=\"elementor-testimonial__title\">Disciplinario Polic\u00eda Nacional. A\u00d1O: 2022 al 2024. <\/span><\/cite>\t\t\t\t<\/div>\n\t\t\t\t\t\t<div class=\"elementor-testimonial__footer\">\n\t\t\t\t\t\t\t\t\t<div class=\"elementor-testimonial__image\">\n\t\t\t\t\t\t<img decoding=\"async\" src=\"https:\/\/hdrodriguez.com.co\/wp-content\/uploads\/2024\/10\/attractive-business-woman-YHLCTUZ-min.jpg\" alt=\"intendente Polic\u00eda Nacional \">\n\t\t\t\t\t\t\t\t\t\t\t<\/div>\n\t\t\t\t\t\t\t\t\t\t\t<\/div>\n\t\t<\/div>\n\t\t\t\t\t\t\t\t<\/div>\n\t\t\t\t\t\t\t\t\t\t\t<div class=\"swiper-slide\">\n\t\t\t\t\t\t\t\t\t<div class=\"elementor-testimonial\">\n\t\t\t\t\t\t\t<div class=\"elementor-testimonial__content\">\n\t\t\t\t\t<div class=\"elementor-testimonial__text\">\n\t\t\t\t\t\tObjeto de la defensa: el COPNIA endilg\u00f3 al ingeniero David Acosta dos FALTAS GRAVES DOLOSAS, por, supuestamente, ser desleal con un colega y plagiar un trabajo de su autor\u00eda. Primera instancia profiri\u00f3 fallo sancionatorio. En segunda instancia fue absuelto, atendiendo el recurso de apelaci\u00f3n presentado en el que se hizo \u00e9nfasis en (i) atipicidad del cargo, (ii) ambig\u00fcedad del cargo, y (iii) ausencia de material probatorio.\t\t\t\t\t<\/div>\n\t\t\t\t\t<cite class=\"elementor-testimonial__cite\"><span class=\"elementor-testimonial__name\">Ingeniero David Acosta<\/span><span class=\"elementor-testimonial__title\">disciplinario COPNIA. A\u00d1O: 2019 al 2023.<\/span><\/cite>\t\t\t\t<\/div>\n\t\t\t\t\t\t<div class=\"elementor-testimonial__footer\">\n\t\t\t\t\t\t\t\t\t<div class=\"elementor-testimonial__image\">\n\t\t\t\t\t\t<img decoding=\"async\" src=\"https:\/\/hdrodriguez.com.co\/wp-content\/uploads\/2024\/10\/beautiful-blonde-seriosly-young-woman-WQ6YWNM-min.jpg\" alt=\"Ingeniero David Acosta\">\n\t\t\t\t\t\t\t\t\t\t\t<\/div>\n\t\t\t\t\t\t\t\t\t\t\t<\/div>\n\t\t<\/div>\n\t\t\t\t\t\t\t\t<\/div>\n\t\t\t\t\t\t\t\t\t\t\t<div class=\"swiper-slide\">\n\t\t\t\t\t\t\t\t\t<div class=\"elementor-testimonial\">\n\t\t\t\t\t\t\t<div class=\"elementor-testimonial__content\">\n\t\t\t\t\t<div class=\"elementor-testimonial__text\">\n\t\t\t\t\t\tObjeto del proceso: FAST FIRE DE COLOMBIA S.A.S. Y CENTRO EMPRESARIAL PH, suscribieron en marzo de 2022, un contrato de ejecuci\u00f3n de obra a precio global fijo para el desarrollo del proyecto de construcci\u00f3n de la red contra incendio. Durante su ejecuci\u00f3n se presentaron controversias que, en su momento, eran inconciliables directamente, por lo que el proceso estuvo cerca de ir a una instancia judicial.\nGracias a la asesor\u00eda y acompa\u00f1amiento de nuestro director jur\u00eddico, se logr\u00f3 desentrabar la litis entre las partes, a trav\u00e9s de un contrato de transacci\u00f3n que dio origen a una nueva obligaci\u00f3n, al reconocimiento y pago de saldos pendientes en favor de FAST FIRE DE COLOMBIA S.A.S., y a un nuevo plazo de ejecuci\u00f3n. Finalmente, se dio cumplimiento al objeto contractual, por lo que las partes quedaron satisfechas con el resultado de la transacci\u00f3n y de la asesor\u00eda brindada.\n\t\t\t\t\t<\/div>\n\t\t\t\t\t<cite class=\"elementor-testimonial__cite\"><span class=\"elementor-testimonial__name\">FAST FIRE DE COLOMBIA S.A.S.<\/span><span class=\"elementor-testimonial__title\">Caso de soluci\u00f3n directa de controversia contractual privada. A\u00d1O: 2022 y 2023.<\/span><\/cite>\t\t\t\t<\/div>\n\t\t\t\t\t\t<div class=\"elementor-testimonial__footer\">\n\t\t\t\t\t\t\t\t\t<div class=\"elementor-testimonial__image\">\n\t\t\t\t\t\t<img decoding=\"async\" src=\"https:\/\/hdrodriguez.com.co\/wp-content\/uploads\/2024\/10\/min.jpg\" alt=\"FAST FIRE DE COLOMBIA S.A.S.\">\n\t\t\t\t\t\t\t\t\t\t\t<\/div>\n\t\t\t\t\t\t\t\t\t\t\t<\/div>\n\t\t<\/div>\n\t\t\t\t\t\t\t\t<\/div>\n\t\t\t\t\t\t\t\t\t<\/div>\n\t\t\t\t\t\t\t\t\t\t\t\t\t\t\t<div class=\"swiper-pagination\"><\/div>\n\t\t\t\t\t\t\t\t\t\t\t\t\t\t\t\t\t<\/div>\n\t\t<\/div>\n\t\t\t\t<\/div>\n\t\t\t\t<\/div>\n\t\t\t\t\t<\/div>\n\t\t<\/div>\n\t\t\t\t\t<\/div>\n\t\t<\/section>\n\t\t\t\t<\/div>\n\t\t","protected":false},"excerpt":{"rendered":"<p>Casos de \u00c9xito Whatsapp Casos de \u00c9xito Los casos que ser\u00e1n mencionados a continuaci\u00f3n son de gran orgullo y alegr\u00eda [&hellip;]<\/p>\n","protected":false},"author":1,"featured_media":0,"parent":0,"menu_order":0,"comment_status":"closed","ping_status":"closed","template":"","meta":{"site-sidebar-layout":"no-sidebar","site-content-layout":"","ast-site-content-layout":"full-width-container","site-content-style":"default","site-sidebar-style":"default","ast-global-header-display":"","ast-banner-title-visibility":"","ast-main-header-display":"","ast-hfb-above-header-display":"","ast-hfb-below-header-display":"","ast-hfb-mobile-header-display":"","site-post-title":"disabled","ast-breadcrumbs-content":"","ast-featured-img":"disabled","footer-sml-layout":"","theme-transparent-header-meta":"default","adv-header-id-meta":"","stick-header-meta":"","header-above-stick-meta":"","header-main-stick-meta":"","header-below-stick-meta":"","astra-migrate-meta-layouts":"set","ast-page-background-enabled":"default","ast-page-background-meta":{"desktop":{"background-color":"var(--ast-global-color-4)","background-image":"","background-repeat":"repeat","background-position":"center center","background-size":"auto","background-attachment":"scroll","background-type":"","background-media":"","overlay-type":"","overlay-color":"","overlay-opacity":"","overlay-gradient":""},"tablet":{"background-color":"","background-image":"","background-repeat":"repeat","background-position":"center center","background-size":"auto","background-attachment":"scroll","background-type":"","background-media":"","overlay-type":"","overlay-color":"","overlay-opacity":"","overlay-gradient":""},"mobile":{"background-color":"","background-image":"","background-repeat":"repeat","background-position":"center center","background-size":"auto","background-attachment":"scroll","background-type":"","background-media":"","overlay-type":"","overlay-color":"","overlay-opacity":"","overlay-gradient":""}},"ast-content-background-meta":{"desktop":{"background-color":"var(--ast-global-color-5)","background-image":"","background-repeat":"repeat","background-position":"center center","background-size":"auto","background-attachment":"scroll","background-type":"","background-media":"","overlay-type":"","overlay-color":"","overlay-opacity":"","overlay-gradient":""},"tablet":{"background-color":"var(--ast-global-color-5)","background-image":"","background-repeat":"repeat","background-position":"center center","background-size":"auto","background-attachment":"scroll","background-type":"","background-media":"","overlay-type":"","overlay-color":"","overlay-opacity":"","overlay-gradient":""},"mobile":{"background-color":"var(--ast-global-color-5)","background-image":"","background-repeat":"repeat","background-position":"center center","background-size":"auto","background-attachment":"scroll","background-type":"","background-media":"","overlay-type":"","overlay-color":"","overlay-opacity":"","overlay-gradient":""}},"_joinchat":[],"footnotes":""},"class_list":["post-25","page","type-page","status-publish","hentry"],"_links":{"self":[{"href":"https:\/\/hdrodriguez.com.co\/index.php?rest_route=\/wp\/v2\/pages\/25","targetHints":{"allow":["GET"]}}],"collection":[{"href":"https:\/\/hdrodriguez.com.co\/index.php?rest_route=\/wp\/v2\/pages"}],"about":[{"href":"https:\/\/hdrodriguez.com.co\/index.php?rest_route=\/wp\/v2\/types\/page"}],"author":[{"embeddable":true,"href":"https:\/\/hdrodriguez.com.co\/index.php?rest_route=\/wp\/v2\/users\/1"}],"replies":[{"embeddable":true,"href":"https:\/\/hdrodriguez.com.co\/index.php?rest_route=%2Fwp%2Fv2%2Fcomments&post=25"}],"version-history":[{"count":35,"href":"https:\/\/hdrodriguez.com.co\/index.php?rest_route=\/wp\/v2\/pages\/25\/revisions"}],"predecessor-version":[{"id":553,"href":"https:\/\/hdrodriguez.com.co\/index.php?rest_route=\/wp\/v2\/pages\/25\/revisions\/553"}],"wp:attachment":[{"href":"https:\/\/hdrodriguez.com.co\/index.php?rest_route=%2Fwp%2Fv2%2Fmedia&parent=25"}],"curies":[{"name":"wp","href":"https:\/\/api.w.org\/{rel}","templated":true}]}}