{"id":303,"date":"2024-10-18T21:03:27","date_gmt":"2024-10-18T21:03:27","guid":{"rendered":"https:\/\/hdrodriguez.com.co\/?page_id=303"},"modified":"2024-11-07T00:54:08","modified_gmt":"2024-11-07T00:54:08","slug":"clientes","status":"publish","type":"page","link":"https:\/\/hdrodriguez.com.co\/?page_id=303","title":{"rendered":"Clientes"},"content":{"rendered":"\t\t<div data-elementor-type=\"wp-page\" data-elementor-id=\"303\" class=\"elementor elementor-303\" data-elementor-post-type=\"page\">\n\t\t\t\t\t\t<section class=\"elementor-section elementor-top-section elementor-element elementor-element-7fdf2f06 elementor-section-boxed elementor-section-height-default elementor-section-height-default\" data-id=\"7fdf2f06\" data-element_type=\"section\" data-settings=\"{&quot;background_background&quot;:&quot;classic&quot;}\">\n\t\t\t\t\t\t\t<div class=\"elementor-background-overlay\"><\/div>\n\t\t\t\t\t\t\t<div class=\"elementor-container elementor-column-gap-default\">\n\t\t\t\t\t<div class=\"elementor-column elementor-col-100 elementor-top-column elementor-element elementor-element-5290bf5c\" data-id=\"5290bf5c\" data-element_type=\"column\">\n\t\t\t<div class=\"elementor-widget-wrap elementor-element-populated\">\n\t\t\t\t\t\t<div class=\"elementor-element elementor-element-7a1dd8bc elementor-widget elementor-widget-heading\" data-id=\"7a1dd8bc\" data-element_type=\"widget\" data-widget_type=\"heading.default\">\n\t\t\t\t<div class=\"elementor-widget-container\">\n\t\t\t<h1 class=\"elementor-heading-title elementor-size-default\">Clientes<\/h1>\t\t<\/div>\n\t\t\t\t<\/div>\n\t\t\t\t<div class=\"elementor-element elementor-element-5077caee elementor-align-center elementor-widget elementor-widget-button\" data-id=\"5077caee\" data-element_type=\"widget\" data-widget_type=\"button.default\">\n\t\t\t\t<div class=\"elementor-widget-container\">\n\t\t\t\t\t<div class=\"elementor-button-wrapper\">\n\t\t\t<a class=\"elementor-button elementor-button-link elementor-size-sm\" href=\"https:\/\/api.whatsapp.com\/send\/?phone=573115388326&#038;text=Hola+%2Ahd+Rodriguez%2A.+Necesito+m%C3%A1s+informaci%C3%B3n+sobre+Consultoria+https%3A%2F%2Fhdrodriguez.com.co&#038;type=phone_number&#038;app_absent=0\">\n\t\t\t\t\t\t<span class=\"elementor-button-content-wrapper\">\n\t\t\t\t\t\t\t\t\t<span class=\"elementor-button-text\">Whatsapp<\/span>\n\t\t\t\t\t<\/span>\n\t\t\t\t\t<\/a>\n\t\t<\/div>\n\t\t\t\t<\/div>\n\t\t\t\t<\/div>\n\t\t\t\t\t<\/div>\n\t\t<\/div>\n\t\t\t\t\t<\/div>\n\t\t<\/section>\n\t\t\t\t<section class=\"elementor-section elementor-top-section elementor-element elementor-element-1bad28ab elementor-section-boxed elementor-section-height-default elementor-section-height-default\" data-id=\"1bad28ab\" data-element_type=\"section\">\n\t\t\t\t\t\t<div class=\"elementor-container elementor-column-gap-default\">\n\t\t\t\t\t<div class=\"elementor-column elementor-col-50 elementor-top-column elementor-element elementor-element-6974dcc\" data-id=\"6974dcc\" data-element_type=\"column\">\n\t\t\t<div class=\"elementor-widget-wrap elementor-element-populated\">\n\t\t\t\t\t\t<div class=\"elementor-element elementor-element-217d668 elementor-widget elementor-widget-heading\" data-id=\"217d668\" data-element_type=\"widget\" data-widget_type=\"heading.default\">\n\t\t\t\t<div class=\"elementor-widget-container\">\n\t\t\t<h2 class=\"elementor-heading-title elementor-size-default\">CLIENTES<\/h2>\t\t<\/div>\n\t\t\t\t<\/div>\n\t\t\t\t<div class=\"elementor-element elementor-element-46c71f46 elementor-widget elementor-widget-text-editor\" data-id=\"46c71f46\" data-element_type=\"widget\" data-widget_type=\"text-editor.default\">\n\t\t\t\t<div class=\"elementor-widget-container\">\n\t\t\t\t\t\t\t<p>Nuestro equipo de abogados, liderados por Holman Daniel Rodr\u00edguez Ruiz, director jur\u00eddico de la firma, han sido asesores y\/o colaboradores y\/o funcionarios de diferentes entidades del orden nacional y territorial. Entre ellas:<\/p><ul><li><span style=\"font-style: inherit; font-weight: inherit; background-color: var(--ast-global-color-5); color: var( --e-global-color-text ); font-family: var( --e-global-typography-text-font-family ), Sans-serif;\">Ministerio de Agricultura y Desarrollo Rural &#8211; Unidad de Planificaci\u00f3n de Tierras Rurales, Adecuaci\u00f3n de Tierras y Usos Agropecuarios \u2013 UPRA.<\/span><\/li><li><span style=\"font-style: inherit; font-weight: inherit; background-color: var(--ast-global-color-5); color: var( --e-global-color-text ); font-family: var( --e-global-typography-text-font-family ), Sans-serif;\">Municipio de El Dorado (Meta).<\/span><\/li><li><span style=\"font-style: inherit; font-weight: inherit; background-color: var(--ast-global-color-5); color: var( --e-global-color-text ); font-family: var( --e-global-typography-text-font-family ), Sans-serif;\">Fondo Rotatorio de la Polic\u00eda.<\/span><\/li><li><span style=\"font-style: inherit; font-weight: inherit; background-color: var(--ast-global-color-5); color: var( --e-global-color-text ); font-family: var( --e-global-typography-text-font-family ), Sans-serif;\">MDN-ENC-Central Administrativa y Contable de Telem\u00e1tica.<\/span><\/li><li><span style=\"font-style: inherit; font-weight: inherit; background-color: var(--ast-global-color-5); color: var( --e-global-color-text ); font-family: var( --e-global-typography-text-font-family ), Sans-serif;\">Polic\u00eda Nacional &#8211; Direcci\u00f3n de Carabineros y Seguridad Rural.<\/span><\/li><li><span style=\"font-style: inherit; font-weight: inherit; background-color: var(--ast-global-color-5); color: var( --e-global-color-text ); font-family: var( --e-global-typography-text-font-family ), Sans-serif;\">SENA \u2013 Centro de Biotecnolog\u00eda Agropecuaria de Mosquera (Cundinamarca).<\/span><\/li><li><span style=\"font-style: inherit; font-weight: inherit; background-color: var(--ast-global-color-5); color: var( --e-global-color-text ); font-family: var( --e-global-typography-text-font-family ), Sans-serif;\">Polic\u00eda Nacional \u2013 Inspecci\u00f3n General.<\/span><\/li><\/ul>\t\t\t\t\t\t<\/div>\n\t\t\t\t<\/div>\n\t\t\t\t\t<\/div>\n\t\t<\/div>\n\t\t\t\t<div class=\"elementor-column elementor-col-50 elementor-top-column elementor-element elementor-element-3ed25ccd\" data-id=\"3ed25ccd\" data-element_type=\"column\">\n\t\t\t<div class=\"elementor-widget-wrap elementor-element-populated\">\n\t\t\t\t\t\t<div class=\"elementor-element elementor-element-48c25297 elementor-widget elementor-widget-image\" data-id=\"48c25297\" data-element_type=\"widget\" data-widget_type=\"image.default\">\n\t\t\t\t<div class=\"elementor-widget-container\">\n\t\t\t\t\t\t\t\t\t\t\t\t\t<img fetchpriority=\"high\" decoding=\"async\" width=\"1024\" height=\"682\" src=\"https:\/\/hdrodriguez.com.co\/wp-content\/uploads\/2024\/10\/discussing-laws-UXTC2QR-min-1024x682.jpg\" class=\"attachment-large size-large wp-image-38\" alt=\"\" srcset=\"https:\/\/hdrodriguez.com.co\/wp-content\/uploads\/2024\/10\/discussing-laws-UXTC2QR-min-1024x682.jpg 1024w, https:\/\/hdrodriguez.com.co\/wp-content\/uploads\/2024\/10\/discussing-laws-UXTC2QR-min-300x200.jpg 300w, https:\/\/hdrodriguez.com.co\/wp-content\/uploads\/2024\/10\/discussing-laws-UXTC2QR-min-768x512.jpg 768w, https:\/\/hdrodriguez.com.co\/wp-content\/uploads\/2024\/10\/discussing-laws-UXTC2QR-min.jpg 1400w\" sizes=\"(max-width: 1024px) 100vw, 1024px\" \/>\t\t\t\t\t\t\t\t\t\t\t\t\t<\/div>\n\t\t\t\t<\/div>\n\t\t\t\t<div class=\"elementor-element elementor-element-42341754 elementor-tablet-align-center elementor-align-right elementor-mobile-align-justify elementor-widget elementor-widget-button\" data-id=\"42341754\" data-element_type=\"widget\" data-widget_type=\"button.default\">\n\t\t\t\t<div class=\"elementor-widget-container\">\n\t\t\t\t\t<div class=\"elementor-button-wrapper\">\n\t\t\t<a class=\"elementor-button elementor-button-link elementor-size-sm\" href=\"https:\/\/hdrodriguez.com.co\/?page_id=27\">\n\t\t\t\t\t\t<span class=\"elementor-button-content-wrapper\">\n\t\t\t\t\t\t\t\t\t<span class=\"elementor-button-text\">Cont\u00e1ctenos<\/span>\n\t\t\t\t\t<\/span>\n\t\t\t\t\t<\/a>\n\t\t<\/div>\n\t\t\t\t<\/div>\n\t\t\t\t<\/div>\n\t\t\t\t\t<\/div>\n\t\t<\/div>\n\t\t\t\t\t<\/div>\n\t\t<\/section>\n\t\t\t\t<section class=\"elementor-section elementor-top-section elementor-element elementor-element-1a0adb01 elementor-section-boxed elementor-section-height-default elementor-section-height-default\" data-id=\"1a0adb01\" data-element_type=\"section\">\n\t\t\t\t\t\t<div class=\"elementor-container elementor-column-gap-default\">\n\t\t\t\t\t<div class=\"elementor-column elementor-col-50 elementor-top-column elementor-element elementor-element-4e7934b4\" data-id=\"4e7934b4\" data-element_type=\"column\">\n\t\t\t<div class=\"elementor-widget-wrap elementor-element-populated\">\n\t\t\t\t\t\t<div class=\"elementor-element elementor-element-7ff76f46 elementor-widget elementor-widget-image\" data-id=\"7ff76f46\" data-element_type=\"widget\" data-widget_type=\"image.default\">\n\t\t\t\t<div class=\"elementor-widget-container\">\n\t\t\t\t\t\t\t\t\t\t\t\t\t<img decoding=\"async\" width=\"1024\" height=\"692\" src=\"https:\/\/hdrodriguez.com.co\/wp-content\/uploads\/2024\/10\/business-man-working-at-office-consultant-lawyer-PN67H74-min-1024x692.jpg\" class=\"attachment-large size-large wp-image-52\" alt=\"\" srcset=\"https:\/\/hdrodriguez.com.co\/wp-content\/uploads\/2024\/10\/business-man-working-at-office-consultant-lawyer-PN67H74-min-1024x692.jpg 1024w, https:\/\/hdrodriguez.com.co\/wp-content\/uploads\/2024\/10\/business-man-working-at-office-consultant-lawyer-PN67H74-min-300x203.jpg 300w, https:\/\/hdrodriguez.com.co\/wp-content\/uploads\/2024\/10\/business-man-working-at-office-consultant-lawyer-PN67H74-min-768x519.jpg 768w, https:\/\/hdrodriguez.com.co\/wp-content\/uploads\/2024\/10\/business-man-working-at-office-consultant-lawyer-PN67H74-min.jpg 1400w\" sizes=\"(max-width: 1024px) 100vw, 1024px\" \/>\t\t\t\t\t\t\t\t\t\t\t\t\t<\/div>\n\t\t\t\t<\/div>\n\t\t\t\t<div class=\"elementor-element elementor-element-17725ab0 elementor-tablet-align-center elementor-align-left elementor-mobile-align-justify elementor-widget elementor-widget-button\" data-id=\"17725ab0\" data-element_type=\"widget\" data-widget_type=\"button.default\">\n\t\t\t\t<div class=\"elementor-widget-container\">\n\t\t\t\t\t<div class=\"elementor-button-wrapper\">\n\t\t\t<a class=\"elementor-button elementor-button-link elementor-size-sm\" href=\"#\">\n\t\t\t\t\t\t<span class=\"elementor-button-content-wrapper\">\n\t\t\t\t\t\t\t\t\t<span class=\"elementor-button-text\">Contact Now<\/span>\n\t\t\t\t\t<\/span>\n\t\t\t\t\t<\/a>\n\t\t<\/div>\n\t\t\t\t<\/div>\n\t\t\t\t<\/div>\n\t\t\t\t\t<\/div>\n\t\t<\/div>\n\t\t\t\t<div class=\"elementor-column elementor-col-50 elementor-top-column elementor-element elementor-element-1e58d672\" data-id=\"1e58d672\" data-element_type=\"column\">\n\t\t\t<div class=\"elementor-widget-wrap elementor-element-populated\">\n\t\t\t\t\t\t<div class=\"elementor-element elementor-element-4d3ad175 elementor-widget elementor-widget-heading\" data-id=\"4d3ad175\" data-element_type=\"widget\" data-widget_type=\"heading.default\">\n\t\t\t\t<div class=\"elementor-widget-container\">\n\t\t\t<h2 class=\"elementor-heading-title elementor-size-default\">A nivel privado, las siguientes empresas y personas naturales\n<\/h2>\t\t<\/div>\n\t\t\t\t<\/div>\n\t\t\t\t<div class=\"elementor-element elementor-element-72fdbbba elementor-widget elementor-widget-text-editor\" data-id=\"72fdbbba\" data-element_type=\"widget\" data-widget_type=\"text-editor.default\">\n\t\t\t\t<div class=\"elementor-widget-container\">\n\t\t\t\t\t\t\t<p>1. Asociaci\u00f3n de Hogares S\u00ed a La Vida, identificada con NIT No. 900.175.374-5, representada legalmente por la doctora Viviana Carolina Melo D\u00edaz.<br \/>2. Sumisof S.A.S., identificada con NIT No. 901.045.608-1, representada legalmente por Carolina Mora Castellanos.<br \/>3. Fast Fire de Colombia S.A.S., identificada con Nit 900.596.937-8, representada legalmente por Paola Andrea Henao L\u00f3pez.<br \/>4. Centro Agropecuario Campe\u00f3n S.A.S., identificada con Nit 901562092-7, representada legalmente por Sergio Tamayo.<br \/>5. Ing. Edicson Rodr\u00edguez, en negocios jur\u00eddicos p\u00fablicos y privados.<br \/>6. Ing. Giovanny P\u00e9rez, en negocios jur\u00eddicos p\u00fablicos y privados.<br \/>7. Ing. David Acosta, en negocios jur\u00eddicos p\u00fablicos y privados, y en defensa disciplinaria.<br \/>8. Coronel Gelga Buitrago, en negocios jur\u00eddicos privados.<br \/>9. Mayor Andr\u00e9s Felipe Bravo G\u00f3mez, en negocios jur\u00eddicos privados.<br \/>10. Intendente Fabi\u00e1n Leandro Hern\u00e1ndez Mar\u00edn, en defensa disciplinaria y penal. <\/p>\t\t\t\t\t\t<\/div>\n\t\t\t\t<\/div>\n\t\t\t\t\t<\/div>\n\t\t<\/div>\n\t\t\t\t\t<\/div>\n\t\t<\/section>\n\t\t\t\t<section class=\"elementor-section elementor-top-section elementor-element elementor-element-24690648 elementor-section-boxed elementor-section-height-default elementor-section-height-default\" data-id=\"24690648\" data-element_type=\"section\" data-settings=\"{&quot;background_background&quot;:&quot;classic&quot;}\">\n\t\t\t\t\t\t\t<div class=\"elementor-background-overlay\"><\/div>\n\t\t\t\t\t\t\t<div class=\"elementor-container elementor-column-gap-default\">\n\t\t\t\t\t<div class=\"elementor-column elementor-col-100 elementor-top-column elementor-element elementor-element-4ad13696\" data-id=\"4ad13696\" data-element_type=\"column\">\n\t\t\t<div class=\"elementor-widget-wrap elementor-element-populated\">\n\t\t\t\t\t\t<section class=\"elementor-section elementor-inner-section elementor-element elementor-element-458a619b elementor-section-boxed elementor-section-height-default elementor-section-height-default\" data-id=\"458a619b\" data-element_type=\"section\" data-settings=\"{&quot;background_background&quot;:&quot;classic&quot;}\">\n\t\t\t\t\t\t<div class=\"elementor-container elementor-column-gap-default\">\n\t\t\t\t\t<div class=\"elementor-column elementor-col-100 elementor-inner-column elementor-element elementor-element-4b313b5d\" data-id=\"4b313b5d\" data-element_type=\"column\">\n\t\t\t<div class=\"elementor-widget-wrap elementor-element-populated\">\n\t\t\t\t\t\t<div class=\"elementor-element elementor-element-4757dd52 elementor-widget elementor-widget-image\" data-id=\"4757dd52\" data-element_type=\"widget\" data-widget_type=\"image.default\">\n\t\t\t\t<div class=\"elementor-widget-container\">\n\t\t\t\t\t\t\t\t\t\t\t\t\t<img decoding=\"async\" width=\"1024\" height=\"669\" src=\"https:\/\/hdrodriguez.com.co\/wp-content\/uploads\/2024\/10\/Positivo-1024x669.png\" class=\"attachment-large size-large wp-image-162\" alt=\"\" srcset=\"https:\/\/hdrodriguez.com.co\/wp-content\/uploads\/2024\/10\/Positivo-1024x669.png 1024w, https:\/\/hdrodriguez.com.co\/wp-content\/uploads\/2024\/10\/Positivo-300x196.png 300w, https:\/\/hdrodriguez.com.co\/wp-content\/uploads\/2024\/10\/Positivo-768x502.png 768w, https:\/\/hdrodriguez.com.co\/wp-content\/uploads\/2024\/10\/Positivo-1536x1004.png 1536w, https:\/\/hdrodriguez.com.co\/wp-content\/uploads\/2024\/10\/Positivo-2048x1339.png 2048w\" sizes=\"(max-width: 1024px) 100vw, 1024px\" \/>\t\t\t\t\t\t\t\t\t\t\t\t\t<\/div>\n\t\t\t\t<\/div>\n\t\t\t\t<div class=\"elementor-element elementor-element-1d9d4927 elementor-widget elementor-widget-heading\" data-id=\"1d9d4927\" data-element_type=\"widget\" data-widget_type=\"heading.default\">\n\t\t\t\t<div class=\"elementor-widget-container\">\n\t\t\t<h2 class=\"elementor-heading-title elementor-size-default\">\u00a1Con\u00f3cenos! Con gusto te ayudaremos.<\/h2>\t\t<\/div>\n\t\t\t\t<\/div>\n\t\t\t\t\t<\/div>\n\t\t<\/div>\n\t\t\t\t\t<\/div>\n\t\t<\/section>\n\t\t\t\t\t<\/div>\n\t\t<\/div>\n\t\t\t\t\t<\/div>\n\t\t<\/section>\n\t\t\t\t<\/div>\n\t\t","protected":false},"excerpt":{"rendered":"<p>Clientes Whatsapp CLIENTES Nuestro equipo de abogados, liderados por Holman Daniel Rodr\u00edguez Ruiz, director jur\u00eddico de la firma, han sido [&hellip;]<\/p>\n","protected":false},"author":1,"featured_media":0,"parent":0,"menu_order":0,"comment_status":"closed","ping_status":"closed","template":"","meta":{"site-sidebar-layout":"no-sidebar","site-content-layout":"","ast-site-content-layout":"full-width-container","site-content-style":"default","site-sidebar-style":"default","ast-global-header-display":"","ast-banner-title-visibility":"","ast-main-header-display":"","ast-hfb-above-header-display":"","ast-hfb-below-header-display":"","ast-hfb-mobile-header-display":"","site-post-title":"disabled","ast-breadcrumbs-content":"","ast-featured-img":"disabled","footer-sml-layout":"","theme-transparent-header-meta":"default","adv-header-id-meta":"","stick-header-meta":"","header-above-stick-meta":"","header-main-stick-meta":"","header-below-stick-meta":"","astra-migrate-meta-layouts":"set","ast-page-background-enabled":"default","ast-page-background-meta":{"desktop":{"background-color":"var(--ast-global-color-4)","background-image":"","background-repeat":"repeat","background-position":"center center","background-size":"auto","background-attachment":"scroll","background-type":"","background-media":"","overlay-type":"","overlay-color":"","overlay-opacity":"","overlay-gradient":""},"tablet":{"background-color":"","background-image":"","background-repeat":"repeat","background-position":"center center","background-size":"auto","background-attachment":"scroll","background-type":"","background-media":"","overlay-type":"","overlay-color":"","overlay-opacity":"","overlay-gradient":""},"mobile":{"background-color":"","background-image":"","background-repeat":"repeat","background-position":"center center","background-size":"auto","background-attachment":"scroll","background-type":"","background-media":"","overlay-type":"","overlay-color":"","overlay-opacity":"","overlay-gradient":""}},"ast-content-background-meta":{"desktop":{"background-color":"var(--ast-global-color-5)","background-image":"","background-repeat":"repeat","background-position":"center center","background-size":"auto","background-attachment":"scroll","background-type":"","background-media":"","overlay-type":"","overlay-color":"","overlay-opacity":"","overlay-gradient":""},"tablet":{"background-color":"var(--ast-global-color-5)","background-image":"","background-repeat":"repeat","background-position":"center center","background-size":"auto","background-attachment":"scroll","background-type":"","background-media":"","overlay-type":"","overlay-color":"","overlay-opacity":"","overlay-gradient":""},"mobile":{"background-color":"var(--ast-global-color-5)","background-image":"","background-repeat":"repeat","background-position":"center center","background-size":"auto","background-attachment":"scroll","background-type":"","background-media":"","overlay-type":"","overlay-color":"","overlay-opacity":"","overlay-gradient":""}},"_joinchat":[],"footnotes":""},"class_list":["post-303","page","type-page","status-publish","hentry"],"_links":{"self":[{"href":"https:\/\/hdrodriguez.com.co\/index.php?rest_route=\/wp\/v2\/pages\/303","targetHints":{"allow":["GET"]}}],"collection":[{"href":"https:\/\/hdrodriguez.com.co\/index.php?rest_route=\/wp\/v2\/pages"}],"about":[{"href":"https:\/\/hdrodriguez.com.co\/index.php?rest_route=\/wp\/v2\/types\/page"}],"author":[{"embeddable":true,"href":"https:\/\/hdrodriguez.com.co\/index.php?rest_route=\/wp\/v2\/users\/1"}],"replies":[{"embeddable":true,"href":"https:\/\/hdrodriguez.com.co\/index.php?rest_route=%2Fwp%2Fv2%2Fcomments&post=303"}],"version-history":[{"count":16,"href":"https:\/\/hdrodriguez.com.co\/index.php?rest_route=\/wp\/v2\/pages\/303\/revisions"}],"predecessor-version":[{"id":550,"href":"https:\/\/hdrodriguez.com.co\/index.php?rest_route=\/wp\/v2\/pages\/303\/revisions\/550"}],"wp:attachment":[{"href":"https:\/\/hdrodriguez.com.co\/index.php?rest_route=%2Fwp%2Fv2%2Fmedia&parent=303"}],"curies":[{"name":"wp","href":"https:\/\/api.w.org\/{rel}","templated":true}]}}